{"id":190,"date":"2023-01-30T16:21:44","date_gmt":"2023-01-30T16:21:44","guid":{"rendered":"https:\/\/proyectopolis.org\/?page_id=190"},"modified":"2024-06-10T11:51:28","modified_gmt":"2024-06-10T11:51:28","slug":"news","status":"publish","type":"page","link":"https:\/\/proyectopolis.org\/pt\/news\/","title":{"rendered":"Not\u00edcias"},"content":{"rendered":"<div data-elementor-type=\"wp-page\" data-elementor-id=\"190\" class=\"elementor elementor-190\" data-elementor-post-type=\"page\">\n\t\t\t\t\t\t<section class=\"elementor-section elementor-top-section elementor-element elementor-element-77f6af2 elementor-section-boxed elementor-section-height-default elementor-section-height-default\" data-id=\"77f6af2\" data-element_type=\"section\" data-e-type=\"section\" data-settings=\"{&quot;background_background&quot;:&quot;classic&quot;}\">\n\t\t\t\t\t\t<div class=\"elementor-container elementor-column-gap-default\">\n\t\t\t\t\t<div class=\"elementor-column elementor-col-100 elementor-top-column elementor-element elementor-element-083e905\" data-id=\"083e905\" data-element_type=\"column\" data-e-type=\"column\">\n\t\t\t<div class=\"elementor-widget-wrap elementor-element-populated\">\n\t\t\t\t\t\t<div class=\"elementor-element elementor-element-4047c47 elementor-invisible elementor-widget elementor-widget-heading\" data-id=\"4047c47\" data-element_type=\"widget\" data-e-type=\"widget\" data-settings=\"{&quot;_animation&quot;:&quot;fadeInRight&quot;}\" data-widget_type=\"heading.default\">\n\t\t\t\t<div class=\"elementor-widget-container\">\n\t\t\t\t\t<h2 class=\"elementor-heading-title elementor-size-default\">Noticias &amp; Eventos<\/h2>\t\t\t\t<\/div>\n\t\t\t\t<\/div>\n\t\t\t\t<div class=\"elementor-element elementor-element-4653e67 elementor-grid-eael-col-3 elementor-grid-tablet-eael-col-2 elementor-grid-mobile-eael-col-1 elementor-widget elementor-widget-eael-post-grid\" data-id=\"4653e67\" data-element_type=\"widget\" data-e-type=\"widget\" data-settings=\"{&quot;eael_post_grid_columns&quot;:&quot;eael-col-3&quot;,&quot;eael_post_grid_columns_tablet&quot;:&quot;eael-col-2&quot;,&quot;eael_post_grid_columns_mobile&quot;:&quot;eael-col-1&quot;}\" data-widget_type=\"eael-post-grid.default\">\n\t\t\t\t<div class=\"elementor-widget-container\">\n\t\t\t\t\t<div id=\"eael-post-grid-4653e67\" class=\"eael-post-grid-container\">\n            <div class=\"eael-post-grid eael-post-appender eael-post-appender-4653e67 eael-post-grid-style-one\" data-layout-mode=\"masonry\"><article class=\"eael-grid-post  eael-post-grid-column eael-pg-post-4358 category-general\" data-id=\"4358\">\n        <div class=\"eael-grid-post-holder\">\n            <div class=\"eael-grid-post-holder-inner\"><div class=\"eael-entry-media\"><div class=\"eael-entry-overlay fade-in\"><i class=\"far fa-eye\" aria-hidden=\"true\"><\/i><a href=\"https:\/\/proyectopolis.org\/pt\/polis-cierra-su-segundo-ano-con-avances-decisivos-hacia-la-fase-de-implementacion-copy\/\"rel=\"nofollow\"target=\"_blank\"><\/a><\/div><div class=\"eael-entry-thumbnail\">\n                <img fetchpriority=\"high\" decoding=\"async\" width=\"1100\" height=\"842\" src=\"https:\/\/proyectopolis.org\/wp-content\/uploads\/2026\/04\/comienan-las.png\" class=\"attachment-full size-full wp-image-4373\" alt=\"\" srcset=\"https:\/\/proyectopolis.org\/wp-content\/uploads\/2026\/04\/comienan-las.png 1100w, https:\/\/proyectopolis.org\/wp-content\/uploads\/2026\/04\/comienan-las-300x230.png 300w, https:\/\/proyectopolis.org\/wp-content\/uploads\/2026\/04\/comienan-las-1024x784.png 1024w, https:\/\/proyectopolis.org\/wp-content\/uploads\/2026\/04\/comienan-las-768x588.png 768w, https:\/\/proyectopolis.org\/wp-content\/uploads\/2026\/04\/comienan-las-16x12.png 16w\" sizes=\"(max-width: 1100px) 100vw, 1100px\" \/>\n            <\/div>\n        <\/div><div class=\"eael-entry-wrapper\"><header class=\"eael-entry-header\"><h1 class=\"eael-entry-title\"><a class=\"eael-grid-post-link\" href=\"https:\/\/proyectopolis.org\/pt\/polis-cierra-su-segundo-ano-con-avances-decisivos-hacia-la-fase-de-implementacion-copy\/\" title=\"A POLIS inicia suas Conversa\u00e7\u00f5es Institucionais\"rel=\"nofollow\"target=\"_blank\">A POLIS inicia suas Conversa\u00e7\u00f5es Institucionais<\/a><\/h1><\/header><div class=\"eael-entry-content\">\n                        <div class=\"eael-grid-post-excerpt\"><p>O projeto POLIS conclui seu segundo ano com avan\u00e7os acad\u00eamicos e metodol\u00f3gicos significativos: a consolida\u00e7\u00e3o do curso TERRAS, a prepara\u00e7\u00e3o do quadro operacional para projetos colaborativos e o amadurecimento...<\/p><a href=\"https:\/\/proyectopolis.org\/pt\/polis-cierra-su-segundo-ano-con-avances-decisivos-hacia-la-fase-de-implementacion-copy\/\" class=\"eael-post-elements-readmore-btn\"rel=\"nofollow\"target=\"_blank\">Consulte Mais informa\u00e7\u00e3o<\/a><\/div>\n                    <\/div><div class=\"eael-entry-footer\"><div class=\"eael-entry-meta\"><span class=\"eael-posted-on\"><time datetime=\"Abril 8, 2026\">8 de abril de 2026<\/time><\/span><\/div><\/div><\/div><\/div>\n        <\/div>\n    <\/article><article class=\"eael-grid-post  eael-post-grid-column eael-pg-post-4314 category-archivo-seminario-6-universidad-catolica-de-santiago-de-guayaquil tags-descentralizacion-equidad-gobernanza-territorial-participacion-ciudadana-representatividad-resiliencia-institucional\" data-id=\"4314\">\n        <div class=\"eael-grid-post-holder\">\n            <div class=\"eael-grid-post-holder-inner\"><div class=\"eael-entry-wrapper\"><header class=\"eael-entry-header\"><h1 class=\"eael-entry-title\"><a class=\"eael-grid-post-link\" href=\"https:\/\/proyectopolis.org\/pt\/seminario-6-gobernanza-y-participacion-4\/\" title=\"Semin\u00e1rio 6. Governan\u00e7a e Participa\u00e7\u00e3o\"rel=\"nofollow\"target=\"_blank\">Semin\u00e1rio 6. Governan\u00e7a e Participa\u00e7\u00e3o<\/a><\/h1><\/header><div class=\"eael-entry-content\">\n                        <div class=\"eael-grid-post-excerpt\"><p>Este curso aborda a governan\u00e7a territorial e a participa\u00e7\u00e3o cidad\u00e3 como componentes-chave nos processos de planejamento urbano e gest\u00e3o do territ\u00f3rio. Com base em referenciais te\u00f3ricos e experi\u00eancias...<\/p><a href=\"https:\/\/proyectopolis.org\/pt\/seminario-6-gobernanza-y-participacion-4\/\" class=\"eael-post-elements-readmore-btn\"rel=\"nofollow\"target=\"_blank\">Consulte Mais informa\u00e7\u00e3o<\/a><\/div>\n                    <\/div><div class=\"eael-entry-footer\"><div class=\"eael-entry-meta\"><span class=\"eael-posted-on\"><time datetime=\"Abril 8, 2026\">8 de abril de 2026<\/time><\/span><\/div><\/div><\/div><\/div>\n        <\/div>\n    <\/article><article class=\"eael-grid-post  eael-post-grid-column eael-pg-post-4309 category-archivo-taller-colaborativo-universidad-de-la-serena tags-co-creacion-diagnostico-territorial-gobernanza-innovacion-social-participacion-ciudadana-resiliencia-urbana\" data-id=\"4309\">\n        <div class=\"eael-grid-post-holder\">\n            <div class=\"eael-grid-post-holder-inner\"><div class=\"eael-entry-wrapper\"><header class=\"eael-entry-header\"><h1 class=\"eael-entry-title\"><a class=\"eael-grid-post-link\" href=\"https:\/\/proyectopolis.org\/pt\/taller-colaborativo-terras-6\/\" title=\"Workshop Colaborativo TERRAS\"rel=\"nofollow\"target=\"_blank\">Workshop Colaborativo TERRAS<\/a><\/h1><\/header><div class=\"eael-entry-content\">\n                        <div class=\"eael-grid-post-excerpt\"><p>A Oficina Colaborativa \u00e9 o espa\u00e7o pr\u00e1tico do Curso de Especializa\u00e7\u00e3o TERRAS, onde o conhecimento e as metodologias s\u00e3o colocados em pr\u00e1tica atrav\u00e9s do trabalho direto com a comunidade.<\/p><a href=\"https:\/\/proyectopolis.org\/pt\/taller-colaborativo-terras-6\/\" class=\"eael-post-elements-readmore-btn\"rel=\"nofollow\"target=\"_blank\">Consulte Mais informa\u00e7\u00e3o<\/a><\/div>\n                    <\/div><div class=\"eael-entry-footer\"><div class=\"eael-entry-meta\"><span class=\"eael-posted-on\"><time datetime=\"Abril 8, 2026\">8 de abril de 2026<\/time><\/span><\/div><\/div><\/div><\/div>\n        <\/div>\n    <\/article><article class=\"eael-grid-post  eael-post-grid-column eael-pg-post-4305 category-archivo-seminario-6-universidad-de-la-serena tags-descentralizacion-equidad-gobernanza-territorial-participacion-ciudadana-procesos-participativos-sostenibilidad-institucional\" data-id=\"4305\">\n        <div class=\"eael-grid-post-holder\">\n            <div class=\"eael-grid-post-holder-inner\"><div class=\"eael-entry-wrapper\"><header class=\"eael-entry-header\"><h1 class=\"eael-entry-title\"><a class=\"eael-grid-post-link\" href=\"https:\/\/proyectopolis.org\/pt\/seminario-6-gobernanza-y-participacion-6\/\" title=\"Semin\u00e1rio 6. Governan\u00e7a e Participa\u00e7\u00e3o\"rel=\"nofollow\"target=\"_blank\">Semin\u00e1rio 6. Governan\u00e7a e Participa\u00e7\u00e3o<\/a><\/h1><\/header><div class=\"eael-entry-content\">\n                        <div class=\"eael-grid-post-excerpt\"><p>Este curso aborda a governan\u00e7a territorial e a participa\u00e7\u00e3o cidad\u00e3 como componentes-chave nos processos de planejamento urbano e gest\u00e3o do territ\u00f3rio. Com base em referenciais te\u00f3ricos e experi\u00eancias...<\/p><a href=\"https:\/\/proyectopolis.org\/pt\/seminario-6-gobernanza-y-participacion-6\/\" class=\"eael-post-elements-readmore-btn\"rel=\"nofollow\"target=\"_blank\">Consulte Mais informa\u00e7\u00e3o<\/a><\/div>\n                    <\/div><div class=\"eael-entry-footer\"><div class=\"eael-entry-meta\"><span class=\"eael-posted-on\"><time datetime=\"Abril 8, 2026\">8 de abril de 2026<\/time><\/span><\/div><\/div><\/div><\/div>\n        <\/div>\n    <\/article><\/div>\n            <div class=\"clearfix\"><\/div>\n        <\/div>            <div class=\"eael-load-more-button-wrap eael-force-hide\">\n                <button class=\"eael-load-more-button\" id=\"eael-load-more-btn-4653e67\" data-widget-id=\"4653e67\" data-widget=\"4653e67\" data-page-id=\"190\" data-template=\"{&quot;dir&quot;:&quot;lite&quot;,&quot;file_name&quot;:&quot;one.php&quot;,&quot;name&quot;:&quot;Post-Grid&quot;}\" data-class=\"Essential_Addons_Elementor\\Elements\\Post_Grid\" data-layout=\"masonry\" data-page=\"1\" data-args=\"orderby=date&amp;order=desc&amp;ignore_sticky_posts=1&amp;post_status=publish&amp;posts_per_page=4&amp;offset=0&amp;post_type=post\" data-max-page=\"16\">\n                    <span class=\"eael-btn-loader button__loader\"><\/span>\n                    <span class=\"eael_load_more_text\">Carregue mais<\/span>\n                <\/button>\n            <\/div>\n            \t\t\t\t<\/div>\n\t\t\t\t<\/div>\n\t\t\t\t\t<\/div>\n\t\t<\/div>\n\t\t\t\t\t<\/div>\n\t\t<\/section>\n\t\t\t\t<\/div>","protected":false},"excerpt":{"rendered":"<p>Not\u00edcias e not\u00edcias de eventos1 O projeto DIGINEXT come\u00e7a! Sed ut perspiciatis unde omnis iste natus error sit voluptatem accusantium doloremque laudantium, totam rem aperiam, eaque ipsa quae ab illo inventore veritatis et quasi archito beatae\u2026 Leia mais 30 de janeiro de 2023<\/p>","protected":false},"author":1,"featured_media":0,"parent":0,"menu_order":0,"comment_status":"closed","ping_status":"closed","template":"elementor_header_footer","meta":{"site-sidebar-layout":"no-sidebar","site-content-layout":"page-builder","ast-site-content-layout":"default","site-content-style":"default","site-sidebar-style":"default","ast-global-header-display":"","ast-banner-title-visibility":"","ast-main-header-display":"","ast-hfb-above-header-display":"","ast-hfb-below-header-display":"","ast-hfb-mobile-header-display":"","site-post-title":"disabled","ast-breadcrumbs-content":"","ast-featured-img":"disabled","footer-sml-layout":"","ast-disable-related-posts":"","theme-transparent-header-meta":"","adv-header-id-meta":"","stick-header-meta":"","header-above-stick-meta":"","header-main-stick-meta":"","header-below-stick-meta":"","astra-migrate-meta-layouts":"default","ast-page-background-enabled":"default","ast-page-background-meta":{"desktop":{"background-color":"","background-image":"","background-repeat":"repeat","background-position":"center center","background-size":"auto","background-attachment":"scroll","background-type":"","background-media":"","overlay-type":"","overlay-color":"","overlay-opacity":"","overlay-gradient":""},"tablet":{"background-color":"","background-image":"","background-repeat":"repeat","background-position":"center center","background-size":"auto","background-attachment":"scroll","background-type":"","background-media":"","overlay-type":"","overlay-color":"","overlay-opacity":"","overlay-gradient":""},"mobile":{"background-color":"","background-image":"","background-repeat":"repeat","background-position":"center center","background-size":"auto","background-attachment":"scroll","background-type":"","background-media":"","overlay-type":"","overlay-color":"","overlay-opacity":"","overlay-gradient":""}},"ast-content-background-meta":{"desktop":{"background-color":"var(--ast-global-color-5)","background-image":"","background-repeat":"repeat","background-position":"center center","background-size":"auto","background-attachment":"scroll","background-type":"","background-media":"","overlay-type":"","overlay-color":"","overlay-opacity":"","overlay-gradient":""},"tablet":{"background-color":"var(--ast-global-color-5)","background-image":"","background-repeat":"repeat","background-position":"center center","background-size":"auto","background-attachment":"scroll","background-type":"","background-media":"","overlay-type":"","overlay-color":"","overlay-opacity":"","overlay-gradient":""},"mobile":{"background-color":"var(--ast-global-color-5)","background-image":"","background-repeat":"repeat","background-position":"center center","background-size":"auto","background-attachment":"scroll","background-type":"","background-media":"","overlay-type":"","overlay-color":"","overlay-opacity":"","overlay-gradient":""}},"footnotes":""},"class_list":["post-190","page","type-page","status-publish","hentry"],"_links":{"self":[{"href":"https:\/\/proyectopolis.org\/pt\/wp-json\/wp\/v2\/pages\/190","targetHints":{"allow":["GET"]}}],"collection":[{"href":"https:\/\/proyectopolis.org\/pt\/wp-json\/wp\/v2\/pages"}],"about":[{"href":"https:\/\/proyectopolis.org\/pt\/wp-json\/wp\/v2\/types\/page"}],"author":[{"embeddable":true,"href":"https:\/\/proyectopolis.org\/pt\/wp-json\/wp\/v2\/users\/1"}],"replies":[{"embeddable":true,"href":"https:\/\/proyectopolis.org\/pt\/wp-json\/wp\/v2\/comments?post=190"}],"version-history":[{"count":44,"href":"https:\/\/proyectopolis.org\/pt\/wp-json\/wp\/v2\/pages\/190\/revisions"}],"predecessor-version":[{"id":928,"href":"https:\/\/proyectopolis.org\/pt\/wp-json\/wp\/v2\/pages\/190\/revisions\/928"}],"wp:attachment":[{"href":"https:\/\/proyectopolis.org\/pt\/wp-json\/wp\/v2\/media?parent=190"}],"curies":[{"name":"wp","href":"https:\/\/api.w.org\/{rel}","templated":true}]}}