{"id":870,"date":"2024-06-10T11:36:52","date_gmt":"2024-06-10T11:36:52","guid":{"rendered":"https:\/\/proyectopolis.org\/?page_id=870"},"modified":"2025-11-12T13:43:34","modified_gmt":"2025-11-12T13:43:34","slug":"resultados","status":"publish","type":"page","link":"https:\/\/proyectopolis.org\/pt\/resultados\/","title":{"rendered":"Resultados"},"content":{"rendered":"<div data-elementor-type=\"wp-page\" data-elementor-id=\"870\" class=\"elementor elementor-870\" data-elementor-post-type=\"page\">\n\t\t\t\t\t\t<section class=\"elementor-section elementor-top-section elementor-element elementor-element-b73b9ef elementor-section-full_width elementor-section-height-default elementor-section-height-default\" data-id=\"b73b9ef\" data-element_type=\"section\" data-e-type=\"section\" data-settings=\"{&quot;background_background&quot;:&quot;classic&quot;}\">\n\t\t\t\t\t\t\t<div class=\"elementor-background-overlay\"><\/div>\n\t\t\t\t\t\t\t<div class=\"elementor-container elementor-column-gap-default\">\n\t\t\t\t\t<div class=\"elementor-column elementor-col-100 elementor-top-column elementor-element elementor-element-ae35f85\" data-id=\"ae35f85\" data-element_type=\"column\" data-e-type=\"column\">\n\t\t\t<div class=\"elementor-widget-wrap elementor-element-populated\">\n\t\t\t\t\t\t<section class=\"elementor-section elementor-inner-section elementor-element elementor-element-78e0525 elementor-section-boxed elementor-section-height-default elementor-section-height-default\" data-id=\"78e0525\" data-element_type=\"section\" data-e-type=\"section\">\n\t\t\t\t\t\t<div class=\"elementor-container elementor-column-gap-no\">\n\t\t\t\t\t<div class=\"elementor-column elementor-col-100 elementor-inner-column elementor-element elementor-element-7b5239e elementor-invisible\" data-id=\"7b5239e\" data-element_type=\"column\" data-e-type=\"column\" data-settings=\"{&quot;animation&quot;:&quot;fadeInRight&quot;,&quot;background_background&quot;:&quot;classic&quot;}\">\n\t\t\t<div class=\"elementor-widget-wrap elementor-element-populated\">\n\t\t\t\t\t<div class=\"elementor-background-overlay\"><\/div>\n\t\t\t\t\t\t<div class=\"elementor-element elementor-element-eda0c74 elementor-invisible elementor-widget elementor-widget-heading\" data-id=\"eda0c74\" data-element_type=\"widget\" data-e-type=\"widget\" data-settings=\"{&quot;_animation&quot;:&quot;fadeInRight&quot;}\" data-widget_type=\"heading.default\">\n\t\t\t\t<div class=\"elementor-widget-container\">\n\t\t\t\t\t<h1 class=\"elementor-heading-title elementor-size-default\">RESULTADOS<\/h1>\t\t\t\t<\/div>\n\t\t\t\t<\/div>\n\t\t\t\t\t<\/div>\n\t\t<\/div>\n\t\t\t\t\t<\/div>\n\t\t<\/section>\n\t\t\t\t<section class=\"elementor-section elementor-inner-section elementor-element elementor-element-ef29eab elementor-section-boxed elementor-section-height-default elementor-section-height-default\" data-id=\"ef29eab\" data-element_type=\"section\" data-e-type=\"section\">\n\t\t\t\t\t\t<div class=\"elementor-container elementor-column-gap-default\">\n\t\t\t\t\t<div class=\"elementor-column elementor-col-100 elementor-inner-column elementor-element elementor-element-0212645 elementor-invisible\" data-id=\"0212645\" data-element_type=\"column\" data-e-type=\"column\" data-settings=\"{&quot;animation&quot;:&quot;fadeInRight&quot;}\">\n\t\t\t<div class=\"elementor-widget-wrap elementor-element-populated\">\n\t\t\t\t\t\t<div class=\"elementor-element elementor-element-f3887c0 elementor-widget elementor-widget-heading\" data-id=\"f3887c0\" data-element_type=\"widget\" data-e-type=\"widget\" data-widget_type=\"heading.default\">\n\t\t\t\t<div class=\"elementor-widget-container\">\n\t\t\t\t\t<h2 class=\"elementor-heading-title elementor-size-default\">1. Quadro de Compet\u00eancias do Planeador  Urbano<\/h2>\t\t\t\t<\/div>\n\t\t\t\t<\/div>\n\t\t\t\t<div class=\"elementor-element elementor-element-92440b1 elementor-widget elementor-widget-text-editor\" data-id=\"92440b1\" data-element_type=\"widget\" data-e-type=\"widget\" data-widget_type=\"text-editor.default\">\n\t\t\t\t<div class=\"elementor-widget-container\">\n\t\t\t\t\t\t\t\t\t<p><strong>Objetivo #1:<\/strong> <br \/>Desenvolver um novo perfil inter\/multidisciplinar capaz de analisar e desenvolver alternativas, formulando propostas de interven\u00e7\u00e3o em termos de planeamento e gest\u00e3o urbana \u00e0 escala de bairro, comunal, municipal e regional; concentrando-se nas complexidades das cidades dos pa\u00edses em desenvolvimento localizadas em regi\u00f5es vulner\u00e1veis \u00e0s altera\u00e7\u00f5es clim\u00e1ticas e enfrentando os seus desafios para construir uma cidade resiliente e inteligente.<\/p>\t\t\t\t\t\t\t\t<\/div>\n\t\t\t\t<\/div>\n\t\t\t\t<div class=\"elementor-element elementor-element-f1d52df elementor-widget elementor-widget-heading\" data-id=\"f1d52df\" data-element_type=\"widget\" data-e-type=\"widget\" data-widget_type=\"heading.default\">\n\t\t\t\t<div class=\"elementor-widget-container\">\n\t\t\t\t\t<h2 class=\"elementor-heading-title elementor-size-default\">2. Curso de especializa\u00e7\u00e3o \u201cPlaneamento Urbano e Territorial\u201d<\/h2>\t\t\t\t<\/div>\n\t\t\t\t<\/div>\n\t\t\t\t<div class=\"elementor-element elementor-element-8fb3de6 elementor-widget elementor-widget-text-editor\" data-id=\"8fb3de6\" data-element_type=\"widget\" data-e-type=\"widget\" data-widget_type=\"text-editor.default\">\n\t\t\t\t<div class=\"elementor-widget-container\">\n\t\t\t\t\t\t\t\t\t<p><strong>Objetivo #2:<\/strong> <br \/>Dotar o corpo docente das Universidades Latino-Americanas de compet\u00eancias t\u00e9cnicas e pedag\u00f3gicas e promover a readapta\u00e7\u00e3o (\u201creskilling\u201d) das compet\u00eancias dos especialistas para melhorar a colabora\u00e7\u00e3o entre o mundo acad\u00e9mico e as comunidades locais, a fim de promover um ensino adequado a n\u00edvel global.<\/p>\t\t\t\t\t\t\t\t<\/div>\n\t\t\t\t<\/div>\n\t\t\t\t<div class=\"elementor-element elementor-element-fe2f734 elementor-widget elementor-widget-heading\" data-id=\"fe2f734\" data-element_type=\"widget\" data-e-type=\"widget\" data-widget_type=\"heading.default\">\n\t\t\t\t<div class=\"elementor-widget-container\">\n\t\t\t\t\t<h2 class=\"elementor-heading-title elementor-size-default\">3. Redes locais para cidades sustent\u00e1veis e inteligentes<\/h2>\t\t\t\t<\/div>\n\t\t\t\t<\/div>\n\t\t\t\t<div class=\"elementor-element elementor-element-8ff7a5d elementor-widget elementor-widget-text-editor\" data-id=\"8ff7a5d\" data-element_type=\"widget\" data-e-type=\"widget\" data-widget_type=\"text-editor.default\">\n\t\t\t\t<div class=\"elementor-widget-container\">\n\t\t\t\t\t\t\t\t\t<p><strong>Objetivo #3:<\/strong> <br \/>Fortalecer a coopera\u00e7\u00e3o e a colabora\u00e7\u00e3o entre acad\u00e9micos, pesquisadores, estudantes, representantes de institui\u00e7\u00f5es p\u00fablicas e comunidades locais, e membros de organiza\u00e7\u00f5es da sociedade civil para gerar e testar de forma colaborativa solu\u00e7\u00f5es sustent\u00e1veis e inteligentes para o desenvolvimento de suas cidades.<\/p>\t\t\t\t\t\t\t\t<\/div>\n\t\t\t\t<\/div>\n\t\t\t\t\t<\/div>\n\t\t<\/div>\n\t\t\t\t\t<\/div>\n\t\t<\/section>\n\t\t\t\t\t<\/div>\n\t\t<\/div>\n\t\t\t\t\t<\/div>\n\t\t<\/section>\n\t\t\t\t<\/div>","protected":false},"excerpt":{"rendered":"<p>RESULTADOS 1. Marco de competencias del Planificador Urbano Objetivo #1: Desarrollar un nuevo perfil inter\/multidisciplinario que sea capaz de analizar y elaborar alternativas, formular propuestas de intervenci\u00f3n en materia de planificaci\u00f3n y gesti\u00f3n urbana a escala barrial, comunal, municipal y regional; focalizando las complejidades de ciudades en pa\u00edses en desarrollo ubicados en regiones vulnerables al [&hellip;]<\/p>\n","protected":false},"author":1,"featured_media":0,"parent":0,"menu_order":0,"comment_status":"closed","ping_status":"closed","template":"","meta":{"site-sidebar-layout":"no-sidebar","site-content-layout":"page-builder","ast-site-content-layout":"default","site-content-style":"default","site-sidebar-style":"default","ast-global-header-display":"","ast-banner-title-visibility":"","ast-main-header-display":"","ast-hfb-above-header-display":"","ast-hfb-below-header-display":"","ast-hfb-mobile-header-display":"","site-post-title":"disabled","ast-breadcrumbs-content":"","ast-featured-img":"disabled","footer-sml-layout":"","ast-disable-related-posts":"","theme-transparent-header-meta":"","adv-header-id-meta":"","stick-header-meta":"","header-above-stick-meta":"","header-main-stick-meta":"","header-below-stick-meta":"","astra-migrate-meta-layouts":"default","ast-page-background-enabled":"default","ast-page-background-meta":{"desktop":{"background-color":"","background-image":"","background-repeat":"repeat","background-position":"center center","background-size":"auto","background-attachment":"scroll","background-type":"","background-media":"","overlay-type":"","overlay-color":"","overlay-opacity":"","overlay-gradient":""},"tablet":{"background-color":"","background-image":"","background-repeat":"repeat","background-position":"center center","background-size":"auto","background-attachment":"scroll","background-type":"","background-media":"","overlay-type":"","overlay-color":"","overlay-opacity":"","overlay-gradient":""},"mobile":{"background-color":"","background-image":"","background-repeat":"repeat","background-position":"center center","background-size":"auto","background-attachment":"scroll","background-type":"","background-media":"","overlay-type":"","overlay-color":"","overlay-opacity":"","overlay-gradient":""}},"ast-content-background-meta":{"desktop":{"background-color":"var(--ast-global-color-5)","background-image":"","background-repeat":"repeat","background-position":"center center","background-size":"auto","background-attachment":"scroll","background-type":"","background-media":"","overlay-type":"","overlay-color":"","overlay-opacity":"","overlay-gradient":""},"tablet":{"background-color":"var(--ast-global-color-5)","background-image":"","background-repeat":"repeat","background-position":"center center","background-size":"auto","background-attachment":"scroll","background-type":"","background-media":"","overlay-type":"","overlay-color":"","overlay-opacity":"","overlay-gradient":""},"mobile":{"background-color":"var(--ast-global-color-5)","background-image":"","background-repeat":"repeat","background-position":"center center","background-size":"auto","background-attachment":"scroll","background-type":"","background-media":"","overlay-type":"","overlay-color":"","overlay-opacity":"","overlay-gradient":""}},"footnotes":""},"class_list":["post-870","page","type-page","status-publish","hentry"],"_links":{"self":[{"href":"https:\/\/proyectopolis.org\/pt\/wp-json\/wp\/v2\/pages\/870","targetHints":{"allow":["GET"]}}],"collection":[{"href":"https:\/\/proyectopolis.org\/pt\/wp-json\/wp\/v2\/pages"}],"about":[{"href":"https:\/\/proyectopolis.org\/pt\/wp-json\/wp\/v2\/types\/page"}],"author":[{"embeddable":true,"href":"https:\/\/proyectopolis.org\/pt\/wp-json\/wp\/v2\/users\/1"}],"replies":[{"embeddable":true,"href":"https:\/\/proyectopolis.org\/pt\/wp-json\/wp\/v2\/comments?post=870"}],"version-history":[{"count":53,"href":"https:\/\/proyectopolis.org\/pt\/wp-json\/wp\/v2\/pages\/870\/revisions"}],"predecessor-version":[{"id":2279,"href":"https:\/\/proyectopolis.org\/pt\/wp-json\/wp\/v2\/pages\/870\/revisions\/2279"}],"wp:attachment":[{"href":"https:\/\/proyectopolis.org\/pt\/wp-json\/wp\/v2\/media?parent=870"}],"curies":[{"name":"wp","href":"https:\/\/api.w.org\/{rel}","templated":true}]}}